{"id":3397,"date":"2023-08-07T19:51:30","date_gmt":"2023-08-07T17:51:30","guid":{"rendered":"https:\/\/kokoa.bobber-freelance.com\/?page_id=3397"},"modified":"2024-08-29T16:25:31","modified_gmt":"2024-08-29T14:25:31","slug":"la-boutiques","status":"publish","type":"page","link":"https:\/\/kokoa.fr\/en\/la-boutiques\/","title":{"rendered":"La boutique"},"content":{"rendered":"<div data-elementor-type=\"wp-page\" data-elementor-id=\"3397\" class=\"elementor elementor-3397\" data-elementor-post-type=\"page\">\n\t\t\t\t<div class=\"elementor-element elementor-element-71d282f e-con-full e-flex e-con e-parent\" data-id=\"71d282f\" data-element_type=\"container\" data-settings=\"{&quot;background_background&quot;:&quot;slideshow&quot;,&quot;background_slideshow_gallery&quot;:[{&quot;id&quot;:4046,&quot;url&quot;:&quot;http:\\\/\\\/kokoa.fr\\\/wp-content\\\/uploads\\\/2023\\\/08\\\/Boutique-1.jpg&quot;}],&quot;background_slideshow_ken_burns&quot;:&quot;yes&quot;,&quot;background_slideshow_loop&quot;:&quot;yes&quot;,&quot;background_slideshow_slide_duration&quot;:5000,&quot;background_slideshow_slide_transition&quot;:&quot;fade&quot;,&quot;background_slideshow_transition_duration&quot;:500,&quot;background_slideshow_ken_burns_zoom_direction&quot;:&quot;in&quot;}\">\n\t\t\t\t<div class=\"elementor-element elementor-element-f5d7b40 elementor-widget elementor-widget-heading\" data-id=\"f5d7b40\" data-element_type=\"widget\" data-widget_type=\"heading.default\">\n\t\t\t\t<div class=\"elementor-widget-container\">\n\t\t\t\t\t<h1 class=\"elementor-heading-title elementor-size-xl\">La boutique Kokoa au Touquet<\/h1>\t\t\t\t<\/div>\n\t\t\t\t<\/div>\n\t\t\t\t<\/div>\n\t\t<div class=\"elementor-element elementor-element-474d5ca e-con-full e-flex e-con e-parent\" data-id=\"474d5ca\" data-element_type=\"container\" data-settings=\"{&quot;background_background&quot;:&quot;classic&quot;}\">\n\t\t<div class=\"elementor-element elementor-element-c8dadf1 e-con-full e-flex e-con e-child\" data-id=\"c8dadf1\" data-element_type=\"container\" data-settings=\"{&quot;background_background&quot;:&quot;classic&quot;}\">\n\t\t<div class=\"elementor-element elementor-element-c702a2d e-flex e-con-boxed e-con e-child\" data-id=\"c702a2d\" data-element_type=\"container\" data-settings=\"{&quot;background_background&quot;:&quot;classic&quot;}\">\n\t\t\t\t\t<div class=\"e-con-inner\">\n\t\t\t\t<div class=\"elementor-element elementor-element-1b76b70 elementor-widget elementor-widget-heading\" data-id=\"1b76b70\" data-element_type=\"widget\" data-widget_type=\"heading.default\">\n\t\t\t\t<div class=\"elementor-widget-container\">\n\t\t\t\t\t<h2 class=\"elementor-heading-title elementor-size-default\">Nous vous attendons dans la rue Saint-Jean !<\/h2>\t\t\t\t<\/div>\n\t\t\t\t<\/div>\n\t\t\t\t<div class=\"elementor-element elementor-element-9fc423b elementor-widget-divider--view-line elementor-widget elementor-widget-divider\" data-id=\"9fc423b\" data-element_type=\"widget\" data-widget_type=\"divider.default\">\n\t\t\t\t<div class=\"elementor-widget-container\">\n\t\t\t\t\t\t\t<div class=\"elementor-divider\">\n\t\t\t<span class=\"elementor-divider-separator\">\n\t\t\t\t\t\t<\/span>\n\t\t<\/div>\n\t\t\t\t\t\t<\/div>\n\t\t\t\t<\/div>\n\t\t\t\t<div class=\"elementor-element elementor-element-79762dd elementor-widget elementor-widget-text-editor\" data-id=\"79762dd\" data-element_type=\"widget\" data-widget_type=\"text-editor.default\">\n\t\t\t\t<div class=\"elementor-widget-container\">\n\t\t\t\t\t\t\t\t\t<p><strong>Kokoa<\/strong> est situ\u00e9e dans la c\u00e9l\u00e8bre rue Saint-Jean, au Touquet. Cette boutique est situ\u00e9e en bord de mer et vend les meilleures glaces de la r\u00e9gion.<\/p><p>Kokoa offre une large s\u00e9lection de parfums avec des <strong>ingr\u00e9dients frais<\/strong> et de <strong>qualit\u00e9 sup\u00e9rieure<\/strong>. Les glaces sont pr\u00e9par\u00e9es \u00e0 la perfection pour cr\u00e9er une sensation de fra\u00eecheur et de saveur inoubliable, parfaite pour une journ\u00e9e d&rsquo;\u00e9t\u00e9 ensoleill\u00e9e.<\/p><p>En plus des glaces, Kokoa propose \u00e9galement une gamme de confiseries et de boissons pour les clients souhaitant se d\u00e9tendre et profiter de la vue sur la mer. L&rsquo;ambiance chaleureuse et accueillante, combin\u00e9e \u00e0 la qualit\u00e9 exceptionnelle de leurs produits, fait de <strong>Kokoa<\/strong> un incontournable pour les amoureux de la glace qui cherchent \u00e0 vivre une exp\u00e9rience gourmande unique et rafra\u00eechissante.<\/p>\t\t\t\t\t\t\t\t<\/div>\n\t\t\t\t<\/div>\n\t\t\t\t<div class=\"elementor-element elementor-element-7681c4e elementor-align-center elementor-widget elementor-widget-button\" data-id=\"7681c4e\" data-element_type=\"widget\" data-widget_type=\"button.default\">\n\t\t\t\t<div class=\"elementor-widget-container\">\n\t\t\t\t\t\t\t\t\t<div class=\"elementor-button-wrapper\">\n\t\t\t\t\t<a class=\"elementor-button elementor-button-link elementor-size-sm elementor-animation-grow\" href=\"https:\/\/goo.gl\/maps\/QiFjybZWU8fEhqry5\" target=\"_blank\">\n\t\t\t\t\t\t<span class=\"elementor-button-content-wrapper\">\n\t\t\t\t\t\t<span class=\"elementor-button-icon\">\n\t\t\t\t<i aria-hidden=\"true\" class=\"fas fa-map-marker-alt\"><\/i>\t\t\t<\/span>\n\t\t\t\t\t\t\t\t\t<span class=\"elementor-button-text\">Votre itin\u00e9raire<\/span>\n\t\t\t\t\t<\/span>\n\t\t\t\t\t<\/a>\n\t\t\t\t<\/div>\n\t\t\t\t\t\t\t\t<\/div>\n\t\t\t\t<\/div>\n\t\t\t\t\t<\/div>\n\t\t\t\t<\/div>\n\t\t\t\t<\/div>\n\t\t\t\t<\/div>\n\t\t<div class=\"elementor-element elementor-element-20f57e8 e-con-full e-flex e-con e-parent\" data-id=\"20f57e8\" data-element_type=\"container\">\n\t\t\t\t<div class=\"elementor-element elementor-element-8748520 elementor-widget elementor-widget-google_maps\" data-id=\"8748520\" data-element_type=\"widget\" data-widget_type=\"google_maps.default\">\n\t\t\t\t<div class=\"elementor-widget-container\">\n\t\t\t\t\t\t\t<div class=\"elementor-custom-embed\">\n\t\t\t<iframe loading=\"lazy\"\n\t\t\t\t\tsrc=\"https:\/\/maps.google.com\/maps?q=Kokoa%2C%20rue%20saint%20Jean&#038;t=m&#038;z=14&#038;output=embed&#038;iwloc=near\"\n\t\t\t\t\ttitle=\"Kokoa, rue saint Jean\"\n\t\t\t\t\taria-label=\"Kokoa, rue saint Jean\"\n\t\t\t><\/iframe>\n\t\t<\/div>\n\t\t\t\t\t\t<\/div>\n\t\t\t\t<\/div>\n\t\t\t\t<\/div>\n\t\t\t\t<\/div>","protected":false},"excerpt":{"rendered":"<p>La boutique Kokoa au Touquet Nous vous attendons dans la rue Saint-Jean ! Kokoa est situ\u00e9e dans la c\u00e9l\u00e8bre rue Saint-Jean, au Touquet. Cette boutique est situ\u00e9e en bord de mer et vend les meilleures glaces de la r\u00e9gion. Kokoa offre une large s\u00e9lection de parfums avec des ingr\u00e9dients frais et de qualit\u00e9 sup\u00e9rieure. Les &hellip; <\/p>\n<p class=\"link-more\"><a href=\"https:\/\/kokoa.fr\/en\/la-boutiques\/\" class=\"more-link\">Continue reading<span class=\"screen-reader-text\"> \u00ab\u00a0La boutique\u00a0\u00bb<\/span><\/a><\/p>","protected":false},"author":1,"featured_media":0,"parent":0,"menu_order":4,"comment_status":"closed","ping_status":"closed","template":"elementor_header_footer","meta":{"footnotes":""},"class_list":["post-3397","page","type-page","status-publish","hentry"],"yoast_head":"<!-- This site is optimized with the Yoast SEO plugin v24.9 - https:\/\/yoast.com\/wordpress\/plugins\/seo\/ -->\n<title>La boutique - Kokoa<\/title>\n<meta name=\"description\" content=\"Kokoa est situ\u00e9e dans la c\u00e9l\u00e8bre rue Saint-Jean, au Touquet. Cette boutique est situ\u00e9e en bord de mer et vend les meilleures glaces de la...\" \/>\n<meta name=\"robots\" content=\"index, follow, max-snippet:-1, max-image-preview:large, max-video-preview:-1\" \/>\n<link rel=\"canonical\" href=\"https:\/\/kokoa.fr\/en\/la-boutiques\/\" \/>\n<meta property=\"og:locale\" content=\"en_GB\" \/>\n<meta property=\"og:type\" content=\"article\" \/>\n<meta property=\"og:title\" content=\"La boutique - Kokoa\" \/>\n<meta property=\"og:description\" content=\"Kokoa est situ\u00e9e dans la c\u00e9l\u00e8bre rue Saint-Jean, au Touquet. Cette boutique est situ\u00e9e en bord de mer et vend les meilleures glaces de la...\" \/>\n<meta property=\"og:url\" content=\"https:\/\/kokoa.fr\/en\/la-boutiques\/\" \/>\n<meta property=\"og:site_name\" content=\"Kokoa\" \/>\n<meta property=\"article:publisher\" content=\"https:\/\/www.facebook.com\/KOKOA-Le-Glacier-153888124627005\/\" \/>\n<meta property=\"article:modified_time\" content=\"2024-08-29T14:25:31+00:00\" \/>\n<meta property=\"og:image\" content=\"https:\/\/kokoa.fr\/wp-content\/uploads\/2021\/11\/kokoa-logo-entete-1.png\" \/>\n\t<meta property=\"og:image:width\" content=\"600\" \/>\n\t<meta property=\"og:image:height\" content=\"298\" \/>\n\t<meta property=\"og:image:type\" content=\"image\/png\" \/>\n<meta name=\"twitter:card\" content=\"summary_large_image\" \/>\n<meta name=\"twitter:label1\" content=\"Estimated reading time\" \/>\n\t<meta name=\"twitter:data1\" content=\"1 minute\" \/>\n<script type=\"application\/ld+json\" class=\"yoast-schema-graph\">{\"@context\":\"https:\/\/schema.org\",\"@graph\":[{\"@type\":\"WebPage\",\"@id\":\"https:\/\/kokoa.fr\/la-boutiques\/\",\"url\":\"https:\/\/kokoa.fr\/la-boutiques\/\",\"name\":\"La boutique - Kokoa\",\"isPartOf\":{\"@id\":\"http:\/\/kokoa.fr\/#website\"},\"datePublished\":\"2023-08-07T17:51:30+00:00\",\"dateModified\":\"2024-08-29T14:25:31+00:00\",\"description\":\"Kokoa est situ\u00e9e dans la c\u00e9l\u00e8bre rue Saint-Jean, au Touquet. Cette boutique est situ\u00e9e en bord de mer et vend les meilleures glaces de la...\",\"breadcrumb\":{\"@id\":\"https:\/\/kokoa.fr\/la-boutiques\/#breadcrumb\"},\"inLanguage\":\"en-GB\",\"potentialAction\":[{\"@type\":\"ReadAction\",\"target\":[\"https:\/\/kokoa.fr\/la-boutiques\/\"]}]},{\"@type\":\"BreadcrumbList\",\"@id\":\"https:\/\/kokoa.fr\/la-boutiques\/#breadcrumb\",\"itemListElement\":[{\"@type\":\"ListItem\",\"position\":1,\"name\":\"Accueil\",\"item\":\"http:\/\/kokoa.fr\/\"},{\"@type\":\"ListItem\",\"position\":2,\"name\":\"La boutique\"}]},{\"@type\":\"WebSite\",\"@id\":\"http:\/\/kokoa.fr\/#website\",\"url\":\"http:\/\/kokoa.fr\/\",\"name\":\"Kokoa\",\"description\":\"Artisan glacier depuis 1979\",\"publisher\":{\"@id\":\"http:\/\/kokoa.fr\/#organization\"},\"potentialAction\":[{\"@type\":\"SearchAction\",\"target\":{\"@type\":\"EntryPoint\",\"urlTemplate\":\"http:\/\/kokoa.fr\/?s={search_term_string}\"},\"query-input\":{\"@type\":\"PropertyValueSpecification\",\"valueRequired\":true,\"valueName\":\"search_term_string\"}}],\"inLanguage\":\"en-GB\"},{\"@type\":\"Organization\",\"@id\":\"http:\/\/kokoa.fr\/#organization\",\"name\":\"Kokoa\",\"url\":\"http:\/\/kokoa.fr\/\",\"logo\":{\"@type\":\"ImageObject\",\"inLanguage\":\"en-GB\",\"@id\":\"http:\/\/kokoa.fr\/#\/schema\/logo\/image\/\",\"url\":\"https:\/\/kokoa.bobber-freelance.com\/wp-content\/uploads\/2023\/08\/medium-shot-woman-kid-with-ice-creams-1.jpg\",\"contentUrl\":\"https:\/\/kokoa.bobber-freelance.com\/wp-content\/uploads\/2023\/08\/medium-shot-woman-kid-with-ice-creams-1.jpg\",\"width\":2000,\"height\":1333,\"caption\":\"Kokoa\"},\"image\":{\"@id\":\"http:\/\/kokoa.fr\/#\/schema\/logo\/image\/\"},\"sameAs\":[\"https:\/\/www.facebook.com\/KOKOA-Le-Glacier-153888124627005\/\",\"https:\/\/www.instagram.com\/kokoa_le_glacier\/\"]}]}<\/script>\n<!-- \/ Yoast SEO plugin. -->","yoast_head_json":{"title":"La boutique - Kokoa","description":"Kokoa est situ\u00e9e dans la c\u00e9l\u00e8bre rue Saint-Jean, au Touquet. Cette boutique est situ\u00e9e en bord de mer et vend les meilleures glaces de la...","robots":{"index":"index","follow":"follow","max-snippet":"max-snippet:-1","max-image-preview":"max-image-preview:large","max-video-preview":"max-video-preview:-1"},"canonical":"https:\/\/kokoa.fr\/en\/la-boutiques\/","og_locale":"en_GB","og_type":"article","og_title":"La boutique - Kokoa","og_description":"Kokoa est situ\u00e9e dans la c\u00e9l\u00e8bre rue Saint-Jean, au Touquet. Cette boutique est situ\u00e9e en bord de mer et vend les meilleures glaces de la...","og_url":"https:\/\/kokoa.fr\/en\/la-boutiques\/","og_site_name":"Kokoa","article_publisher":"https:\/\/www.facebook.com\/KOKOA-Le-Glacier-153888124627005\/","article_modified_time":"2024-08-29T14:25:31+00:00","og_image":[{"width":600,"height":298,"url":"https:\/\/kokoa.fr\/wp-content\/uploads\/2021\/11\/kokoa-logo-entete-1.png","type":"image\/png"}],"twitter_card":"summary_large_image","twitter_misc":{"Estimated reading time":"1 minute"},"schema":{"@context":"https:\/\/schema.org","@graph":[{"@type":"WebPage","@id":"https:\/\/kokoa.fr\/la-boutiques\/","url":"https:\/\/kokoa.fr\/la-boutiques\/","name":"La boutique - Kokoa","isPartOf":{"@id":"http:\/\/kokoa.fr\/#website"},"datePublished":"2023-08-07T17:51:30+00:00","dateModified":"2024-08-29T14:25:31+00:00","description":"Kokoa est situ\u00e9e dans la c\u00e9l\u00e8bre rue Saint-Jean, au Touquet. Cette boutique est situ\u00e9e en bord de mer et vend les meilleures glaces de la...","breadcrumb":{"@id":"https:\/\/kokoa.fr\/la-boutiques\/#breadcrumb"},"inLanguage":"en-GB","potentialAction":[{"@type":"ReadAction","target":["https:\/\/kokoa.fr\/la-boutiques\/"]}]},{"@type":"BreadcrumbList","@id":"https:\/\/kokoa.fr\/la-boutiques\/#breadcrumb","itemListElement":[{"@type":"ListItem","position":1,"name":"Accueil","item":"http:\/\/kokoa.fr\/"},{"@type":"ListItem","position":2,"name":"La boutique"}]},{"@type":"WebSite","@id":"http:\/\/kokoa.fr\/#website","url":"http:\/\/kokoa.fr\/","name":"Kokoa","description":"Artisan glacier depuis 1979","publisher":{"@id":"http:\/\/kokoa.fr\/#organization"},"potentialAction":[{"@type":"SearchAction","target":{"@type":"EntryPoint","urlTemplate":"http:\/\/kokoa.fr\/?s={search_term_string}"},"query-input":{"@type":"PropertyValueSpecification","valueRequired":true,"valueName":"search_term_string"}}],"inLanguage":"en-GB"},{"@type":"Organization","@id":"http:\/\/kokoa.fr\/#organization","name":"Kokoa","url":"http:\/\/kokoa.fr\/","logo":{"@type":"ImageObject","inLanguage":"en-GB","@id":"http:\/\/kokoa.fr\/#\/schema\/logo\/image\/","url":"https:\/\/kokoa.bobber-freelance.com\/wp-content\/uploads\/2023\/08\/medium-shot-woman-kid-with-ice-creams-1.jpg","contentUrl":"https:\/\/kokoa.bobber-freelance.com\/wp-content\/uploads\/2023\/08\/medium-shot-woman-kid-with-ice-creams-1.jpg","width":2000,"height":1333,"caption":"Kokoa"},"image":{"@id":"http:\/\/kokoa.fr\/#\/schema\/logo\/image\/"},"sameAs":["https:\/\/www.facebook.com\/KOKOA-Le-Glacier-153888124627005\/","https:\/\/www.instagram.com\/kokoa_le_glacier\/"]}]}},"_links":{"self":[{"href":"https:\/\/kokoa.fr\/en\/wp-json\/wp\/v2\/pages\/3397","targetHints":{"allow":["GET"]}}],"collection":[{"href":"https:\/\/kokoa.fr\/en\/wp-json\/wp\/v2\/pages"}],"about":[{"href":"https:\/\/kokoa.fr\/en\/wp-json\/wp\/v2\/types\/page"}],"author":[{"embeddable":true,"href":"https:\/\/kokoa.fr\/en\/wp-json\/wp\/v2\/users\/1"}],"replies":[{"embeddable":true,"href":"https:\/\/kokoa.fr\/en\/wp-json\/wp\/v2\/comments?post=3397"}],"version-history":[{"count":57,"href":"https:\/\/kokoa.fr\/en\/wp-json\/wp\/v2\/pages\/3397\/revisions"}],"predecessor-version":[{"id":4123,"href":"https:\/\/kokoa.fr\/en\/wp-json\/wp\/v2\/pages\/3397\/revisions\/4123"}],"wp:attachment":[{"href":"https:\/\/kokoa.fr\/en\/wp-json\/wp\/v2\/media?parent=3397"}],"curies":[{"name":"wp","href":"https:\/\/api.w.org\/{rel}","templated":true}]}}