{"id":3391,"date":"2023-08-07T19:50:01","date_gmt":"2023-08-07T17:50:01","guid":{"rendered":"https:\/\/kokoa.bobber-freelance.com\/?page_id=3391"},"modified":"2023-08-17T17:09:19","modified_gmt":"2023-08-17T15:09:19","slug":"qui-sommes-nous","status":"publish","type":"page","link":"https:\/\/kokoa.fr\/en\/qui-sommes-nous\/","title":{"rendered":"Qui sommes nous ?"},"content":{"rendered":"<div data-elementor-type=\"wp-page\" data-elementor-id=\"3391\" class=\"elementor elementor-3391\" data-elementor-post-type=\"page\">\n\t\t\t\t<div class=\"elementor-element elementor-element-a132e38 e-con-full e-flex e-con e-parent\" data-id=\"a132e38\" data-element_type=\"container\" data-settings=\"{&quot;background_background&quot;:&quot;classic&quot;}\">\n\t\t<div class=\"elementor-element elementor-element-e3d1fab e-con-full e-flex e-con e-parent\" data-id=\"e3d1fab\" data-element_type=\"container\" data-settings=\"{&quot;background_background&quot;:&quot;classic&quot;}\">\n\t\t<div class=\"elementor-element elementor-element-31b556f animated-fast e-flex e-con-boxed elementor-invisible e-con e-parent\" data-id=\"31b556f\" data-element_type=\"container\" data-settings=\"{&quot;background_background&quot;:&quot;classic&quot;,&quot;animation&quot;:&quot;slideInRight&quot;}\">\n\t\t\t\t\t<div class=\"e-con-inner\">\n\t\t\t\t<div class=\"elementor-element elementor-element-439dfb2 elementor-widget elementor-widget-heading\" data-id=\"439dfb2\" data-element_type=\"widget\" data-widget_type=\"heading.default\">\n\t\t\t\t<div class=\"elementor-widget-container\">\n\t\t\t\t\t<h2 class=\"elementor-heading-title elementor-size-xl\">Kokoa<\/h2>\t\t\t\t<\/div>\n\t\t\t\t<\/div>\n\t\t\t\t<div class=\"elementor-element elementor-element-1ed406d elementor-widget elementor-widget-heading\" data-id=\"1ed406d\" data-element_type=\"widget\" data-widget_type=\"heading.default\">\n\t\t\t\t<div class=\"elementor-widget-container\">\n\t\t\t\t\t<h2 class=\"elementor-heading-title elementor-size-default\">Artisans glaciers depuis 1979 <\/h2>\t\t\t\t<\/div>\n\t\t\t\t<\/div>\n\t\t\t\t<div class=\"elementor-element elementor-element-9df6298 elementor-widget-divider--view-line elementor-widget elementor-widget-divider\" data-id=\"9df6298\" data-element_type=\"widget\" data-widget_type=\"divider.default\">\n\t\t\t\t<div class=\"elementor-widget-container\">\n\t\t\t\t\t\t\t<div class=\"elementor-divider\">\n\t\t\t<span class=\"elementor-divider-separator\">\n\t\t\t\t\t\t<\/span>\n\t\t<\/div>\n\t\t\t\t\t\t<\/div>\n\t\t\t\t<\/div>\n\t\t\t\t\t<\/div>\n\t\t\t\t<\/div>\n\t\t\t\t<div class=\"elementor-element elementor-element-d9bf78b elementor-widget elementor-widget-text-editor\" data-id=\"d9bf78b\" data-element_type=\"widget\" data-widget_type=\"text-editor.default\">\n\t\t\t\t<div class=\"elementor-widget-container\">\n\t\t\t\t\t\t\t\t\t<p>Artisans glacier au <strong>Touquet<\/strong> depuis 1979, Kokoa utilise uniquement des ingr\u00e9dients naturels et de qualit\u00e9. Kokoa propose une vaste gamme de cr\u00e8mes glac\u00e9es et de sorbets, pr\u00eate \u00e0 satisfaire toutes les papilles.<\/p>\t\t\t\t\t\t\t\t<\/div>\n\t\t\t\t<\/div>\n\t\t\t\t<\/div>\n\t\t<div class=\"elementor-element elementor-element-1443a4d e-con-full e-flex e-con e-parent\" data-id=\"1443a4d\" data-element_type=\"container\">\n\t\t\t\t<div class=\"elementor-element elementor-element-a5dc75a elementor-widget elementor-widget-image\" data-id=\"a5dc75a\" data-element_type=\"widget\" data-widget_type=\"image.default\">\n\t\t\t\t<div class=\"elementor-widget-container\">\n\t\t\t\t\t\t\t\t\t\t\t\t\t\t\t<img fetchpriority=\"high\" decoding=\"async\" width=\"1080\" height=\"1350\" src=\"https:\/\/kokoa.fr\/wp-content\/uploads\/2023\/08\/275446677_5650454938303602_2197714273660522992_n.jpg\" class=\"attachment-2048x2048 size-2048x2048 wp-image-3759\" alt=\"\" srcset=\"https:\/\/kokoa.fr\/wp-content\/uploads\/2023\/08\/275446677_5650454938303602_2197714273660522992_n.jpg 1080w, https:\/\/kokoa.fr\/wp-content\/uploads\/2023\/08\/275446677_5650454938303602_2197714273660522992_n-960x1200.jpg 960w, https:\/\/kokoa.fr\/wp-content\/uploads\/2023\/08\/275446677_5650454938303602_2197714273660522992_n-768x960.jpg 768w, https:\/\/kokoa.fr\/wp-content\/uploads\/2023\/08\/275446677_5650454938303602_2197714273660522992_n-10x12.jpg 10w\" sizes=\"100vw\" \/>\t\t\t\t\t\t\t\t\t\t\t\t\t\t\t<\/div>\n\t\t\t\t<\/div>\n\t\t\t\t<\/div>\n\t\t\t\t<\/div>\n\t\t<div class=\"elementor-element elementor-element-a22d27b e-flex e-con-boxed e-con e-parent\" data-id=\"a22d27b\" data-element_type=\"container\" data-settings=\"{&quot;background_background&quot;:&quot;classic&quot;}\">\n\t\t\t\t\t<div class=\"e-con-inner\">\n\t\t\t\t<div class=\"elementor-element elementor-element-dcb3257 elementor-widget elementor-widget-heading\" data-id=\"dcb3257\" data-element_type=\"widget\" data-widget_type=\"heading.default\">\n\t\t\t\t<div class=\"elementor-widget-container\">\n\t\t\t\t\t<h1 class=\"elementor-heading-title elementor-size-xl\">L'\u00e9quipe Kokoa vous accueille au touquet<\/h1>\t\t\t\t<\/div>\n\t\t\t\t<\/div>\n\t\t\t\t<div class=\"elementor-element elementor-element-5d60ca4 elementor-widget-divider--view-line elementor-widget elementor-widget-divider\" data-id=\"5d60ca4\" data-element_type=\"widget\" data-widget_type=\"divider.default\">\n\t\t\t\t<div class=\"elementor-widget-container\">\n\t\t\t\t\t\t\t<div class=\"elementor-divider\">\n\t\t\t<span class=\"elementor-divider-separator\">\n\t\t\t\t\t\t<\/span>\n\t\t<\/div>\n\t\t\t\t\t\t<\/div>\n\t\t\t\t<\/div>\n\t\t\t\t\t<\/div>\n\t\t\t\t<\/div>\n\t\t<div class=\"elementor-element elementor-element-083b39d e-flex e-con-boxed e-con e-parent\" data-id=\"083b39d\" data-element_type=\"container\" data-settings=\"{&quot;background_background&quot;:&quot;classic&quot;}\">\n\t\t\t\t\t<div class=\"e-con-inner\">\n\t\t<div class=\"elementor-element elementor-element-7fd8be5 e-con-full e-flex e-con e-parent\" data-id=\"7fd8be5\" data-element_type=\"container\">\n\t\t\t\t<div class=\"elementor-element elementor-element-35abf51 elementor-widget elementor-widget-image\" data-id=\"35abf51\" data-element_type=\"widget\" data-widget_type=\"image.default\">\n\t\t\t\t<div class=\"elementor-widget-container\">\n\t\t\t\t\t\t\t\t\t\t\t\t\t\t\t<img decoding=\"async\" width=\"2048\" height=\"1809\" src=\"https:\/\/kokoa.fr\/wp-content\/uploads\/2023\/08\/Boutique-1-2048x1809.jpg\" class=\"attachment-2048x2048 size-2048x2048 wp-image-4046\" alt=\"\" srcset=\"https:\/\/kokoa.fr\/wp-content\/uploads\/2023\/08\/Boutique-1-2048x1809.jpg 2048w, https:\/\/kokoa.fr\/wp-content\/uploads\/2023\/08\/Boutique-1-1200x1060.jpg 1200w, https:\/\/kokoa.fr\/wp-content\/uploads\/2023\/08\/Boutique-1-1400x1237.jpg 1400w, https:\/\/kokoa.fr\/wp-content\/uploads\/2023\/08\/Boutique-1-768x678.jpg 768w, https:\/\/kokoa.fr\/wp-content\/uploads\/2023\/08\/Boutique-1-1536x1357.jpg 1536w, https:\/\/kokoa.fr\/wp-content\/uploads\/2023\/08\/Boutique-1-14x12.jpg 14w\" sizes=\"100vw\" \/>\t\t\t\t\t\t\t\t\t\t\t\t\t\t\t<\/div>\n\t\t\t\t<\/div>\n\t\t\t\t<\/div>\n\t\t\t\t\t<\/div>\n\t\t\t\t<\/div>\n\t\t<div class=\"elementor-element elementor-element-8fab4c7 e-con-full e-flex e-con e-parent\" data-id=\"8fab4c7\" data-element_type=\"container\" data-settings=\"{&quot;background_background&quot;:&quot;classic&quot;,&quot;background_motion_fx_motion_fx_scrolling&quot;:&quot;yes&quot;,&quot;background_motion_fx_devices&quot;:[&quot;desktop&quot;,&quot;tablet&quot;,&quot;mobile&quot;]}\">\n\t\t\t\t<\/div>\n\t\t\t\t<\/div>","protected":false},"excerpt":{"rendered":"<p>Kokoa Artisans glaciers depuis 1979 Artisans glacier au Touquet depuis 1979, Kokoa utilise uniquement des ingr\u00e9dients naturels et de qualit\u00e9. Kokoa propose une vaste gamme de cr\u00e8mes glac\u00e9es et de sorbets, pr\u00eate \u00e0 satisfaire toutes les papilles. L&rsquo;\u00e9quipe Kokoa vous accueille au touquet<\/p>","protected":false},"author":1,"featured_media":0,"parent":0,"menu_order":1,"comment_status":"closed","ping_status":"closed","template":"elementor_header_footer","meta":{"footnotes":""},"class_list":["post-3391","page","type-page","status-publish","hentry"],"yoast_head":"<!-- This site is optimized with the Yoast SEO plugin v24.9 - https:\/\/yoast.com\/wordpress\/plugins\/seo\/ -->\n<title>Qui sommes nous ? - Kokoa<\/title>\n<meta name=\"description\" content=\"Artisans glacier au Touquet depuis 1979, Kokoa utilise uniquement des ingr\u00e9dients naturels et de qualit\u00e9. Kokoa propose une vaste gamme...\" \/>\n<meta name=\"robots\" content=\"index, follow, max-snippet:-1, max-image-preview:large, max-video-preview:-1\" \/>\n<link rel=\"canonical\" href=\"https:\/\/kokoa.fr\/en\/qui-sommes-nous\/\" \/>\n<meta property=\"og:locale\" content=\"en_GB\" \/>\n<meta property=\"og:type\" content=\"article\" \/>\n<meta property=\"og:title\" content=\"Qui sommes nous ? - Kokoa\" \/>\n<meta property=\"og:description\" content=\"Artisans glacier au Touquet depuis 1979, Kokoa utilise uniquement des ingr\u00e9dients naturels et de qualit\u00e9. Kokoa propose une vaste gamme...\" \/>\n<meta property=\"og:url\" content=\"https:\/\/kokoa.fr\/en\/qui-sommes-nous\/\" \/>\n<meta property=\"og:site_name\" content=\"Kokoa\" \/>\n<meta property=\"article:publisher\" content=\"https:\/\/www.facebook.com\/KOKOA-Le-Glacier-153888124627005\/\" \/>\n<meta property=\"article:modified_time\" content=\"2023-08-17T15:09:19+00:00\" \/>\n<meta property=\"og:image\" content=\"https:\/\/kokoa.bobber-freelance.com\/wp-content\/uploads\/2023\/08\/275446677_5650454938303602_2197714273660522992_n.jpg\" \/>\n<meta name=\"twitter:card\" content=\"summary_large_image\" \/>\n<meta name=\"twitter:label1\" content=\"Estimated reading time\" \/>\n\t<meta name=\"twitter:data1\" content=\"1 minute\" \/>\n<script type=\"application\/ld+json\" class=\"yoast-schema-graph\">{\"@context\":\"https:\/\/schema.org\",\"@graph\":[{\"@type\":\"WebPage\",\"@id\":\"https:\/\/kokoa.fr\/qui-sommes-nous\/\",\"url\":\"https:\/\/kokoa.fr\/qui-sommes-nous\/\",\"name\":\"Qui sommes nous ? - Kokoa\",\"isPartOf\":{\"@id\":\"https:\/\/kokoa.fr\/#website\"},\"primaryImageOfPage\":{\"@id\":\"https:\/\/kokoa.fr\/qui-sommes-nous\/#primaryimage\"},\"image\":{\"@id\":\"https:\/\/kokoa.fr\/qui-sommes-nous\/#primaryimage\"},\"thumbnailUrl\":\"https:\/\/kokoa.bobber-freelance.com\/wp-content\/uploads\/2023\/08\/275446677_5650454938303602_2197714273660522992_n.jpg\",\"datePublished\":\"2023-08-07T17:50:01+00:00\",\"dateModified\":\"2023-08-17T15:09:19+00:00\",\"description\":\"Artisans glacier au Touquet depuis 1979, Kokoa utilise uniquement des ingr\u00e9dients naturels et de qualit\u00e9. Kokoa propose une vaste gamme...\",\"breadcrumb\":{\"@id\":\"https:\/\/kokoa.fr\/qui-sommes-nous\/#breadcrumb\"},\"inLanguage\":\"en-GB\",\"potentialAction\":[{\"@type\":\"ReadAction\",\"target\":[\"https:\/\/kokoa.fr\/qui-sommes-nous\/\"]}]},{\"@type\":\"ImageObject\",\"inLanguage\":\"en-GB\",\"@id\":\"https:\/\/kokoa.fr\/qui-sommes-nous\/#primaryimage\",\"url\":\"https:\/\/kokoa.bobber-freelance.com\/wp-content\/uploads\/2023\/08\/275446677_5650454938303602_2197714273660522992_n.jpg\",\"contentUrl\":\"https:\/\/kokoa.bobber-freelance.com\/wp-content\/uploads\/2023\/08\/275446677_5650454938303602_2197714273660522992_n.jpg\"},{\"@type\":\"BreadcrumbList\",\"@id\":\"https:\/\/kokoa.fr\/qui-sommes-nous\/#breadcrumb\",\"itemListElement\":[{\"@type\":\"ListItem\",\"position\":1,\"name\":\"Accueil\",\"item\":\"https:\/\/kokoa.fr\/\"},{\"@type\":\"ListItem\",\"position\":2,\"name\":\"Qui sommes nous ?\"}]},{\"@type\":\"WebSite\",\"@id\":\"https:\/\/kokoa.fr\/#website\",\"url\":\"https:\/\/kokoa.fr\/\",\"name\":\"Kokoa\",\"description\":\"Artisan glacier depuis 1979\",\"publisher\":{\"@id\":\"https:\/\/kokoa.fr\/#organization\"},\"potentialAction\":[{\"@type\":\"SearchAction\",\"target\":{\"@type\":\"EntryPoint\",\"urlTemplate\":\"https:\/\/kokoa.fr\/?s={search_term_string}\"},\"query-input\":{\"@type\":\"PropertyValueSpecification\",\"valueRequired\":true,\"valueName\":\"search_term_string\"}}],\"inLanguage\":\"en-GB\"},{\"@type\":\"Organization\",\"@id\":\"https:\/\/kokoa.fr\/#organization\",\"name\":\"Kokoa\",\"url\":\"https:\/\/kokoa.fr\/\",\"logo\":{\"@type\":\"ImageObject\",\"inLanguage\":\"en-GB\",\"@id\":\"https:\/\/kokoa.fr\/#\/schema\/logo\/image\/\",\"url\":\"https:\/\/kokoa.bobber-freelance.com\/wp-content\/uploads\/2023\/08\/medium-shot-woman-kid-with-ice-creams-1.jpg\",\"contentUrl\":\"https:\/\/kokoa.bobber-freelance.com\/wp-content\/uploads\/2023\/08\/medium-shot-woman-kid-with-ice-creams-1.jpg\",\"width\":2000,\"height\":1333,\"caption\":\"Kokoa\"},\"image\":{\"@id\":\"https:\/\/kokoa.fr\/#\/schema\/logo\/image\/\"},\"sameAs\":[\"https:\/\/www.facebook.com\/KOKOA-Le-Glacier-153888124627005\/\",\"https:\/\/www.instagram.com\/kokoa_le_glacier\/\"]}]}<\/script>\n<!-- \/ Yoast SEO plugin. -->","yoast_head_json":{"title":"Qui sommes nous ? - Kokoa","description":"Artisans glacier au Touquet depuis 1979, Kokoa utilise uniquement des ingr\u00e9dients naturels et de qualit\u00e9. Kokoa propose une vaste gamme...","robots":{"index":"index","follow":"follow","max-snippet":"max-snippet:-1","max-image-preview":"max-image-preview:large","max-video-preview":"max-video-preview:-1"},"canonical":"https:\/\/kokoa.fr\/en\/qui-sommes-nous\/","og_locale":"en_GB","og_type":"article","og_title":"Qui sommes nous ? - Kokoa","og_description":"Artisans glacier au Touquet depuis 1979, Kokoa utilise uniquement des ingr\u00e9dients naturels et de qualit\u00e9. Kokoa propose une vaste gamme...","og_url":"https:\/\/kokoa.fr\/en\/qui-sommes-nous\/","og_site_name":"Kokoa","article_publisher":"https:\/\/www.facebook.com\/KOKOA-Le-Glacier-153888124627005\/","article_modified_time":"2023-08-17T15:09:19+00:00","og_image":[{"url":"https:\/\/kokoa.bobber-freelance.com\/wp-content\/uploads\/2023\/08\/275446677_5650454938303602_2197714273660522992_n.jpg","type":"","width":"","height":""}],"twitter_card":"summary_large_image","twitter_misc":{"Estimated reading time":"1 minute"},"schema":{"@context":"https:\/\/schema.org","@graph":[{"@type":"WebPage","@id":"https:\/\/kokoa.fr\/qui-sommes-nous\/","url":"https:\/\/kokoa.fr\/qui-sommes-nous\/","name":"Qui sommes nous ? - Kokoa","isPartOf":{"@id":"https:\/\/kokoa.fr\/#website"},"primaryImageOfPage":{"@id":"https:\/\/kokoa.fr\/qui-sommes-nous\/#primaryimage"},"image":{"@id":"https:\/\/kokoa.fr\/qui-sommes-nous\/#primaryimage"},"thumbnailUrl":"https:\/\/kokoa.bobber-freelance.com\/wp-content\/uploads\/2023\/08\/275446677_5650454938303602_2197714273660522992_n.jpg","datePublished":"2023-08-07T17:50:01+00:00","dateModified":"2023-08-17T15:09:19+00:00","description":"Artisans glacier au Touquet depuis 1979, Kokoa utilise uniquement des ingr\u00e9dients naturels et de qualit\u00e9. Kokoa propose une vaste gamme...","breadcrumb":{"@id":"https:\/\/kokoa.fr\/qui-sommes-nous\/#breadcrumb"},"inLanguage":"en-GB","potentialAction":[{"@type":"ReadAction","target":["https:\/\/kokoa.fr\/qui-sommes-nous\/"]}]},{"@type":"ImageObject","inLanguage":"en-GB","@id":"https:\/\/kokoa.fr\/qui-sommes-nous\/#primaryimage","url":"https:\/\/kokoa.bobber-freelance.com\/wp-content\/uploads\/2023\/08\/275446677_5650454938303602_2197714273660522992_n.jpg","contentUrl":"https:\/\/kokoa.bobber-freelance.com\/wp-content\/uploads\/2023\/08\/275446677_5650454938303602_2197714273660522992_n.jpg"},{"@type":"BreadcrumbList","@id":"https:\/\/kokoa.fr\/qui-sommes-nous\/#breadcrumb","itemListElement":[{"@type":"ListItem","position":1,"name":"Accueil","item":"https:\/\/kokoa.fr\/"},{"@type":"ListItem","position":2,"name":"Qui sommes nous ?"}]},{"@type":"WebSite","@id":"https:\/\/kokoa.fr\/#website","url":"https:\/\/kokoa.fr\/","name":"Kokoa","description":"Artisan glacier depuis 1979","publisher":{"@id":"https:\/\/kokoa.fr\/#organization"},"potentialAction":[{"@type":"SearchAction","target":{"@type":"EntryPoint","urlTemplate":"https:\/\/kokoa.fr\/?s={search_term_string}"},"query-input":{"@type":"PropertyValueSpecification","valueRequired":true,"valueName":"search_term_string"}}],"inLanguage":"en-GB"},{"@type":"Organization","@id":"https:\/\/kokoa.fr\/#organization","name":"Kokoa","url":"https:\/\/kokoa.fr\/","logo":{"@type":"ImageObject","inLanguage":"en-GB","@id":"https:\/\/kokoa.fr\/#\/schema\/logo\/image\/","url":"https:\/\/kokoa.bobber-freelance.com\/wp-content\/uploads\/2023\/08\/medium-shot-woman-kid-with-ice-creams-1.jpg","contentUrl":"https:\/\/kokoa.bobber-freelance.com\/wp-content\/uploads\/2023\/08\/medium-shot-woman-kid-with-ice-creams-1.jpg","width":2000,"height":1333,"caption":"Kokoa"},"image":{"@id":"https:\/\/kokoa.fr\/#\/schema\/logo\/image\/"},"sameAs":["https:\/\/www.facebook.com\/KOKOA-Le-Glacier-153888124627005\/","https:\/\/www.instagram.com\/kokoa_le_glacier\/"]}]}},"_links":{"self":[{"href":"https:\/\/kokoa.fr\/en\/wp-json\/wp\/v2\/pages\/3391","targetHints":{"allow":["GET"]}}],"collection":[{"href":"https:\/\/kokoa.fr\/en\/wp-json\/wp\/v2\/pages"}],"about":[{"href":"https:\/\/kokoa.fr\/en\/wp-json\/wp\/v2\/types\/page"}],"author":[{"embeddable":true,"href":"https:\/\/kokoa.fr\/en\/wp-json\/wp\/v2\/users\/1"}],"replies":[{"embeddable":true,"href":"https:\/\/kokoa.fr\/en\/wp-json\/wp\/v2\/comments?post=3391"}],"version-history":[{"count":77,"href":"https:\/\/kokoa.fr\/en\/wp-json\/wp\/v2\/pages\/3391\/revisions"}],"predecessor-version":[{"id":4061,"href":"https:\/\/kokoa.fr\/en\/wp-json\/wp\/v2\/pages\/3391\/revisions\/4061"}],"wp:attachment":[{"href":"https:\/\/kokoa.fr\/en\/wp-json\/wp\/v2\/media?parent=3391"}],"curies":[{"name":"wp","href":"https:\/\/api.w.org\/{rel}","templated":true}]}}